{"id":75,"date":"2021-01-05T12:22:13","date_gmt":"2021-01-05T11:22:13","guid":{"rendered":"https:\/\/www.ipsolution.cz\/najemnibydleni\/?page_id=75"},"modified":"2025-01-22T08:15:52","modified_gmt":"2025-01-22T07:15:52","slug":"hlavni-strana","status":"publish","type":"page","link":"https:\/\/www.ipsolution.cz\/najemnibydleni\/","title":{"rendered":"Hlavn\u00ed strana"},"content":{"rendered":"<p>Vyberte si s&nbsp;na\u0161\u00ed nab\u00eddky bytov\u00fdch a&nbsp;nebytov\u00fdch jednotek<\/p>\n<p>\t\t\t\t\t<img loading=\"lazy\" decoding=\"async\" width=\"800\" height=\"855\" src=\"https:\/\/www.ipsolution.cz\/najemnibydleni\/wp-content\/uploads\/2023\/08\/pic.png\" alt=\"\" srcset=\"https:\/\/www.ipsolution.cz\/najemnibydleni\/wp-content\/uploads\/2023\/08\/pic.png 800w, https:\/\/www.ipsolution.cz\/najemnibydleni\/wp-content\/uploads\/2023\/08\/pic-281x300.png 281w, https:\/\/www.ipsolution.cz\/najemnibydleni\/wp-content\/uploads\/2023\/08\/pic-768x821.png 768w\" sizes=\"auto, (max-width: 800px) 100vw, 800px\" \/>\t\t\t\t<\/p>\n<h2>KONTAKT<\/h2>\n","protected":false},"excerpt":{"rendered":"<p>Vyberte si s&nbsp;na\u0161\u00ed nab\u00eddky bytov\u00fdch a&nbsp;nebytov\u00fdch jednotek KONTAKT<\/p>\n","protected":false},"author":3,"featured_media":0,"parent":0,"menu_order":0,"comment_status":"closed","ping_status":"closed","template":"","meta":{"_acf_changed":false,"footnotes":""},"class_list":["post-75","page","type-page","status-publish","hentry"],"acf":[],"_links":{"self":[{"href":"https:\/\/www.ipsolution.cz\/najemnibydleni\/wp-json\/wp\/v2\/pages\/75","targetHints":{"allow":["GET"]}}],"collection":[{"href":"https:\/\/www.ipsolution.cz\/najemnibydleni\/wp-json\/wp\/v2\/pages"}],"about":[{"href":"https:\/\/www.ipsolution.cz\/najemnibydleni\/wp-json\/wp\/v2\/types\/page"}],"author":[{"embeddable":true,"href":"https:\/\/www.ipsolution.cz\/najemnibydleni\/wp-json\/wp\/v2\/users\/3"}],"replies":[{"embeddable":true,"href":"https:\/\/www.ipsolution.cz\/najemnibydleni\/wp-json\/wp\/v2\/comments?post=75"}],"version-history":[{"count":5,"href":"https:\/\/www.ipsolution.cz\/najemnibydleni\/wp-json\/wp\/v2\/pages\/75\/revisions"}],"predecessor-version":[{"id":4881,"href":"https:\/\/www.ipsolution.cz\/najemnibydleni\/wp-json\/wp\/v2\/pages\/75\/revisions\/4881"}],"wp:attachment":[{"href":"https:\/\/www.ipsolution.cz\/najemnibydleni\/wp-json\/wp\/v2\/media?parent=75"}],"curies":[{"name":"wp","href":"https:\/\/api.w.org\/{rel}","templated":true}]}}